{"id":2218,"date":"2025-04-04T08:04:42","date_gmt":"2025-04-04T08:04:42","guid":{"rendered":"https:\/\/demo2wpopal.b-cdn.net\/spaciaz\/?page_id=2218"},"modified":"2025-04-04T08:04:42","modified_gmt":"2025-04-04T08:04:42","slug":"services-style-03","status":"publish","type":"page","link":"https:\/\/grupodshome.com\/index.php\/services-style-03\/","title":{"rendered":"Our services"},"content":{"rendered":"\t\t<div data-elementor-type=\"wp-page\" data-elementor-id=\"2218\" class=\"elementor elementor-2218\">\n\t\t\t\t<div class=\"elementor-element elementor-element-4151e53 e-con-full e-flex e-con e-parent\" data-id=\"4151e53\" data-element_type=\"container\" data-settings=\"{&quot;background_background&quot;:&quot;classic&quot;}\">\n\t\t<div class=\"elementor-element elementor-element-9cb799e e-flex e-con-boxed e-con e-child\" data-id=\"9cb799e\" data-element_type=\"container\">\n\t\t\t\t\t<div class=\"e-con-inner\">\n\t\t\t\t<div class=\"elementor-element elementor-element-8c4de8a elementor-widget elementor-widget-page-title\" data-id=\"8c4de8a\" data-element_type=\"widget\" data-widget_type=\"page-title.default\">\n\t\t\t\t<div class=\"elementor-widget-container\">\n\t\t\t\t\t\t\t\n\t\t<div class=\"hfe-page-title hfe-page-title-wrapper elementor-widget-heading\">\n\n\t\t\t\t\t\t\t\t<h2 class=\"elementor-heading-title elementor-size-default\">\n\t\t\t\t\t\t\t\t\n\t\t\t\tOur services  \n\t\t\t<\/h2 > \n\t\t\t\t\t<\/div>\n\t\t\t\t\t\t<\/div>\n\t\t\t\t<\/div>\n\t\t\t\t<div class=\"elementor-element elementor-element-a7b14db elementor-widget elementor-widget-hfe-breadcrumbs-widget\" data-id=\"a7b14db\" data-element_type=\"widget\" data-widget_type=\"hfe-breadcrumbs-widget.default\">\n\t\t\t\t<div class=\"elementor-widget-container\">\n\t\t\t\t\t<nav aria-label=\"Breadcrumb\"><ul class=\"hfe-breadcrumbs hfe-breadcrumbs-show-home\"><li class=\"hfe-breadcrumbs-item hfe-breadcrumbs-first\"><span class=\"hfe-breadcrumbs-home-icon\"><\/span><a href=\"https:\/\/grupodshome.com\"><span class=\"hfe-breadcrumbs-text\">Home<\/span><\/a><\/li><\/ul><\/nav>\t\t\t\t<\/div>\n\t\t\t\t<\/div>\n\t\t\t\t\t<\/div>\n\t\t\t\t<\/div>\n\t\t\t\t<div class=\"elementor-element elementor-element-6d39d49 elementor-widget elementor-widget-spacer\" data-id=\"6d39d49\" data-element_type=\"widget\" data-widget_type=\"spacer.default\">\n\t\t\t\t<div class=\"elementor-widget-container\">\n\t\t\t\t\t\t\t<div class=\"elementor-spacer\">\n\t\t\t<div class=\"elementor-spacer-inner\"><\/div>\n\t\t<\/div>\n\t\t\t\t\t\t<\/div>\n\t\t\t\t<\/div>\n\t\t\t\t<\/div>\n\t\t<div class=\"elementor-element elementor-element-1f90e6a e-flex e-con-boxed e-con e-parent\" data-id=\"1f90e6a\" data-element_type=\"container\">\n\t\t\t\t\t<div class=\"e-con-inner\">\n\t\t\t\t<div class=\"elementor-element elementor-element-afc18c2 elementor-widget__width-initial animated-fast elementor-invisible elementor-widget elementor-widget-heading\" data-id=\"afc18c2\" data-element_type=\"widget\" data-settings=\"{&quot;_animation&quot;:&quot;opal-move-left&quot;}\" data-widget_type=\"heading.default\">\n\t\t\t\t<div class=\"elementor-widget-container\">\n\t\t\t\t\t<h4 class=\"elementor-heading-title elementor-size-default\">We take immense pride in our commitment to providing unparalleled service excellence to our valued customers.<\/h4>\t\t\t\t<\/div>\n\t\t\t\t<\/div>\n\t\t\t\t<div class=\"elementor-element elementor-element-92c2413 elementor-service-style-3 elementor-widget__width-inherit animated-fast elementor-invisible elementor-widget elementor-widget-spaciaz-services\" data-id=\"92c2413\" data-element_type=\"widget\" data-settings=\"{&quot;_animation&quot;:&quot;opal-move-up&quot;}\" data-widget_type=\"spaciaz-services.default\">\n\t\t\t\t<div class=\"elementor-widget-container\">\n\t\t\t\t\t        <div class=\"elementor-service-wrapper\">\n            <div class=\"d-grid\">\n                                                         <div class=\"grid-item service-item service-style-3\">\n                                            <div class=\"service-inner service-style-inner\">\n    <div class=\"service-thumbnail-wrap\">\n                    <div class=\"service-post-thumbnail\">\n                <img fetchpriority=\"high\" decoding=\"async\" width=\"768\" height=\"512\" src=\"https:\/\/grupodshome.com\/wp-content\/uploads\/2025\/04\/service2-768x512.jpg\" class=\"attachment-medium_large size-medium_large wp-post-image\" alt=\"\" srcset=\"https:\/\/grupodshome.com\/wp-content\/uploads\/2025\/04\/service2-768x512.jpg 768w, https:\/\/grupodshome.com\/wp-content\/uploads\/2025\/04\/service2-300x200.jpg 300w, https:\/\/grupodshome.com\/wp-content\/uploads\/2025\/04\/service2-1024x683.jpg 1024w, https:\/\/grupodshome.com\/wp-content\/uploads\/2025\/04\/service2-600x400.jpg 600w, https:\/\/grupodshome.com\/wp-content\/uploads\/2025\/04\/service2.jpg 1500w\" sizes=\"(max-width: 768px) 100vw, 768px\" \/>            <\/div>\n            <\/div>\n    <div class=\"service-content\">\n        <h3 class=\"service-title\"><a href=\"https:\/\/grupodshome.com\/index.php\/services\/project-management\/\">Project Management<\/a><\/h3>\n        <div class=\"description\">\n            Our comprehensive estimates also reflect available lower-price options.        <\/div>\n        <a class=\"service-button\" href=\"https:\/\/grupodshome.com\/index.php\/services\/project-management\/\">\n            <span class=\"btn-icon-wrap\">\n                <span class=\"btn-icon\"><i class=\"spaciaz-icon-arrow-long-right\"><\/i><\/span>\n                <span class=\"btn-icon-hover\"><i class=\"spaciaz-icon-arrow-long-right\"><\/i><\/span>\n            <\/span>\n        <\/a>\n    <\/div>\n<\/div>\n                                        <\/div>\n                                                                                 <div class=\"grid-item service-item service-style-3\">\n                                            <div class=\"service-inner service-style-inner\">\n    <div class=\"service-thumbnail-wrap\">\n                    <div class=\"service-post-thumbnail\">\n                <img decoding=\"async\" width=\"768\" height=\"512\" src=\"https:\/\/grupodshome.com\/wp-content\/uploads\/2025\/04\/service3-768x512.jpg\" class=\"attachment-medium_large size-medium_large wp-post-image\" alt=\"\" srcset=\"https:\/\/grupodshome.com\/wp-content\/uploads\/2025\/04\/service3-768x512.jpg 768w, https:\/\/grupodshome.com\/wp-content\/uploads\/2025\/04\/service3-300x200.jpg 300w, https:\/\/grupodshome.com\/wp-content\/uploads\/2025\/04\/service3-1024x683.jpg 1024w, https:\/\/grupodshome.com\/wp-content\/uploads\/2025\/04\/service3-600x400.jpg 600w, https:\/\/grupodshome.com\/wp-content\/uploads\/2025\/04\/service3.jpg 1500w\" sizes=\"(max-width: 768px) 100vw, 768px\" \/>            <\/div>\n            <\/div>\n    <div class=\"service-content\">\n        <h3 class=\"service-title\"><a href=\"https:\/\/grupodshome.com\/index.php\/services\/arquitectura-e-ingenieria\/\">Arquitectura e Ingenieria<\/a><\/h3>\n        <div class=\"description\">\n            Construcci\u00f3n Llave en Mano con Garant\u00eda. Dise\u00f1amos y ejecutamos proyectos de fit-out y obra civil con precio y plazo garantizados. Minimice riesgos y obtenga un espacio optimizado para la productividad y la sostenibilidad.        <\/div>\n        <a class=\"service-button\" href=\"https:\/\/grupodshome.com\/index.php\/services\/arquitectura-e-ingenieria\/\">\n            <span class=\"btn-icon-wrap\">\n                <span class=\"btn-icon\"><i class=\"spaciaz-icon-arrow-long-right\"><\/i><\/span>\n                <span class=\"btn-icon-hover\"><i class=\"spaciaz-icon-arrow-long-right\"><\/i><\/span>\n            <\/span>\n        <\/a>\n    <\/div>\n<\/div>\n                                        <\/div>\n                                                                                 <div class=\"grid-item service-item service-style-3\">\n                                            <div class=\"service-inner service-style-inner\">\n    <div class=\"service-thumbnail-wrap\">\n                    <div class=\"service-post-thumbnail\">\n                <img decoding=\"async\" width=\"768\" height=\"512\" src=\"https:\/\/grupodshome.com\/wp-content\/uploads\/2025\/04\/service4-768x512.jpg\" class=\"attachment-medium_large size-medium_large wp-post-image\" alt=\"\" srcset=\"https:\/\/grupodshome.com\/wp-content\/uploads\/2025\/04\/service4-768x512.jpg 768w, https:\/\/grupodshome.com\/wp-content\/uploads\/2025\/04\/service4-300x200.jpg 300w, https:\/\/grupodshome.com\/wp-content\/uploads\/2025\/04\/service4-1024x683.jpg 1024w, https:\/\/grupodshome.com\/wp-content\/uploads\/2025\/04\/service4-600x400.jpg 600w, https:\/\/grupodshome.com\/wp-content\/uploads\/2025\/04\/service4.jpg 1500w\" sizes=\"(max-width: 768px) 100vw, 768px\" \/>            <\/div>\n            <\/div>\n    <div class=\"service-content\">\n        <h3 class=\"service-title\"><a href=\"https:\/\/grupodshome.com\/index.php\/services\/construction-management\/\">Construction Management<\/a><\/h3>\n        <div class=\"description\">\n            From design to\u202foperations,\u202fwe love to solve complex challenges and exceed expectations.        <\/div>\n        <a class=\"service-button\" href=\"https:\/\/grupodshome.com\/index.php\/services\/construction-management\/\">\n            <span class=\"btn-icon-wrap\">\n                <span class=\"btn-icon\"><i class=\"spaciaz-icon-arrow-long-right\"><\/i><\/span>\n                <span class=\"btn-icon-hover\"><i class=\"spaciaz-icon-arrow-long-right\"><\/i><\/span>\n            <\/span>\n        <\/a>\n    <\/div>\n<\/div>\n                                        <\/div>\n                                                                                 <div class=\"grid-item service-item service-style-3\">\n                                            <div class=\"service-inner service-style-inner\">\n    <div class=\"service-thumbnail-wrap\">\n                    <div class=\"service-post-thumbnail\">\n                <img loading=\"lazy\" decoding=\"async\" width=\"768\" height=\"512\" src=\"https:\/\/grupodshome.com\/wp-content\/uploads\/2025\/04\/service5-768x512.jpg\" class=\"attachment-medium_large size-medium_large wp-post-image\" alt=\"\" srcset=\"https:\/\/grupodshome.com\/wp-content\/uploads\/2025\/04\/service5-768x512.jpg 768w, https:\/\/grupodshome.com\/wp-content\/uploads\/2025\/04\/service5-300x200.jpg 300w, https:\/\/grupodshome.com\/wp-content\/uploads\/2025\/04\/service5-1024x683.jpg 1024w, https:\/\/grupodshome.com\/wp-content\/uploads\/2025\/04\/service5-600x400.jpg 600w, https:\/\/grupodshome.com\/wp-content\/uploads\/2025\/04\/service5.jpg 1500w\" sizes=\"(max-width: 768px) 100vw, 768px\" \/>            <\/div>\n            <\/div>\n    <div class=\"service-content\">\n        <h3 class=\"service-title\"><a href=\"https:\/\/grupodshome.com\/index.php\/services\/arquitectura-y-diseno\/\">Mantenimiento &#8211; Facility Management<\/a><\/h3>\n        <div class=\"description\">\n            Continuidad Operativa y Ahorro de Costes. Gesti\u00f3n experta de activos, sistemas el\u00e9ctricos, mec\u00e1nicos y climatizaci\u00f3n. Implementamos Mantenimiento Predictivo para asegurar la eficiencia 24\/7 de su infraestructura.        <\/div>\n        <a class=\"service-button\" href=\"https:\/\/grupodshome.com\/index.php\/services\/arquitectura-y-diseno\/\">\n            <span class=\"btn-icon-wrap\">\n                <span class=\"btn-icon\"><i class=\"spaciaz-icon-arrow-long-right\"><\/i><\/span>\n                <span class=\"btn-icon-hover\"><i class=\"spaciaz-icon-arrow-long-right\"><\/i><\/span>\n            <\/span>\n        <\/a>\n    <\/div>\n<\/div>\n                                        <\/div>\n                                                                                 <div class=\"grid-item service-item service-style-3\">\n                                            <div class=\"service-inner service-style-inner\">\n    <div class=\"service-thumbnail-wrap\">\n                    <div class=\"service-post-thumbnail\">\n                <img loading=\"lazy\" decoding=\"async\" width=\"768\" height=\"512\" src=\"https:\/\/grupodshome.com\/wp-content\/uploads\/2025\/04\/service6-768x512.jpg\" class=\"attachment-medium_large size-medium_large wp-post-image\" alt=\"\" srcset=\"https:\/\/grupodshome.com\/wp-content\/uploads\/2025\/04\/service6-768x512.jpg 768w, https:\/\/grupodshome.com\/wp-content\/uploads\/2025\/04\/service6-300x200.jpg 300w, https:\/\/grupodshome.com\/wp-content\/uploads\/2025\/04\/service6-1024x683.jpg 1024w, https:\/\/grupodshome.com\/wp-content\/uploads\/2025\/04\/service6-600x400.jpg 600w, https:\/\/grupodshome.com\/wp-content\/uploads\/2025\/04\/service6.jpg 1500w\" sizes=\"(max-width: 768px) 100vw, 768px\" \/>            <\/div>\n            <\/div>\n    <div class=\"service-content\">\n        <h3 class=\"service-title\"><a href=\"https:\/\/grupodshome.com\/index.php\/services\/sales-marketing\/\">Sales &#038; Marketing<\/a><\/h3>\n        <div class=\"description\">\n            Building a real estate development is a complicated task requiring both deep understanding...        <\/div>\n        <a class=\"service-button\" href=\"https:\/\/grupodshome.com\/index.php\/services\/sales-marketing\/\">\n            <span class=\"btn-icon-wrap\">\n                <span class=\"btn-icon\"><i class=\"spaciaz-icon-arrow-long-right\"><\/i><\/span>\n                <span class=\"btn-icon-hover\"><i class=\"spaciaz-icon-arrow-long-right\"><\/i><\/span>\n            <\/span>\n        <\/a>\n    <\/div>\n<\/div>\n                                        <\/div>\n                                                    <\/div>\n\n        <\/div>\n                \t\t\t\t<\/div>\n\t\t\t\t<\/div>\n\t\t\t\t\t<\/div>\n\t\t\t\t<\/div>\n\t\t\t\t<\/div>\n\t\t","protected":false},"excerpt":{"rendered":"About the service Sed ut perspiciatis unde omnis iste natus error sit voluptatem accusantium doloremque laudtium, totam rem aperiam, eaque ipsa quae ab illoentore veritatis et quasi architecto.Nemo enim ipsam voluptatem quia voluptas sit aspernatur aut odit aut fugit, sed quia conseuntur magni dolores eos qui ratione voluptatem sequi nesciunt. Sed ut perspiciatis unde omnis [...]","protected":false},"author":1,"featured_media":0,"parent":0,"menu_order":0,"comment_status":"closed","ping_status":"closed","template":"template-homepage.php","meta":{"om_disable_all_campaigns":false,"_monsterinsights_skip_tracking":false,"_monsterinsights_sitenote_active":false,"_monsterinsights_sitenote_note":"","_monsterinsights_sitenote_category":0,"footnotes":""},"class_list":["post-2218","page","type-page","status-publish","hentry"],"aioseo_notices":[],"_links":{"self":[{"href":"https:\/\/grupodshome.com\/index.php\/wp-json\/wp\/v2\/pages\/2218","targetHints":{"allow":["GET"]}}],"collection":[{"href":"https:\/\/grupodshome.com\/index.php\/wp-json\/wp\/v2\/pages"}],"about":[{"href":"https:\/\/grupodshome.com\/index.php\/wp-json\/wp\/v2\/types\/page"}],"author":[{"embeddable":true,"href":"https:\/\/grupodshome.com\/index.php\/wp-json\/wp\/v2\/users\/1"}],"replies":[{"embeddable":true,"href":"https:\/\/grupodshome.com\/index.php\/wp-json\/wp\/v2\/comments?post=2218"}],"version-history":[{"count":0,"href":"https:\/\/grupodshome.com\/index.php\/wp-json\/wp\/v2\/pages\/2218\/revisions"}],"wp:attachment":[{"href":"https:\/\/grupodshome.com\/index.php\/wp-json\/wp\/v2\/media?parent=2218"}],"curies":[{"name":"wp","href":"https:\/\/api.w.org\/{rel}","templated":true}]}}